{"id":17564,"date":"2020-05-01T13:41:58","date_gmt":"2020-05-01T10:41:58","guid":{"rendered":"https:\/\/new124.tabacco.md\/product\/furtunuri-pentru-narghilea-din-silicon\/"},"modified":"2020-05-01T13:41:58","modified_gmt":"2020-05-01T10:41:58","slug":"furtunuri-pentru-narghilea-din-silicon","status":"publish","type":"product","link":"https:\/\/test125.tabacco.md\/ro\/produs\/furtunuri-pentru-narghilea-din-silicon\/","title":{"rendered":"Furtunuri pentru narghilea din silicon"},"content":{"rendered":"<div>Aspect estetic atractiv. Tuburile din silicon sunt acoperite \u00een 2 straturi: cel superior este transparent, cel inferior este nuan\u021bat. Acest lucru se adaug\u0103 atractivit\u0103\u021bii sale externe \u0219i se reflect\u0103 bine \u00een puterea produsului; Furtunul din silicon pentru narghilea este un element rezistent. Datorit\u0103 rezisten\u021bei materialului din care este confec\u021bionat, un astfel de tub nu este predispus la deformare; Tubul din silicon este foarte u\u0219or de \u00eengrijit. \u0218i acest fapt are un efect pozitiv asupra vie\u021bii produsului.<\/div>\n<div>Pute\u021bi cump\u0103ra tuburi de silicon pentru narghil\u0103 \u00een Moldova, Chi\u0219in\u0103u din re\u021beaua Luxpresent.md<\/div>\n<div><\/div>\n","protected":false},"excerpt":{"rendered":"<p>Aspect estetic atractiv. Tuburile din silicon sunt acoperite \u00een 2 straturi: cel superior este transparent, cel inferior este nuan\u021bat. Acest [&hellip;]<\/p>\n","protected":false},"featured_media":13469,"template":"","meta":[],"product_cat":[45],"product_tag":[],"yoast_head":"<!-- This site is optimized with the Yoast SEO plugin v20.8 - https:\/\/yoast.com\/wordpress\/plugins\/seo\/ -->\n<title>Furtunuri pentru narghilea din silicon - Tabacco House<\/title>\n<meta name=\"robots\" content=\"noindex, follow, max-snippet:-1, max-image-preview:large, max-video-preview:-1\" \/>\n<meta property=\"og:locale\" content=\"ro_RO\" \/>\n<meta property=\"og:type\" content=\"article\" \/>\n<meta property=\"og:title\" content=\"Furtunuri pentru narghilea din silicon - Tabacco House\" \/>\n<meta property=\"og:description\" content=\"Aspect estetic atractiv. Tuburile din silicon sunt acoperite \u00een 2 straturi: cel superior este transparent, cel inferior este nuan\u021bat. Acest [&hellip;]\" \/>\n<meta property=\"og:url\" content=\"https:\/\/test125.tabacco.md\/ro\/produs\/furtunuri-pentru-narghilea-din-silicon\/\" \/>\n<meta property=\"og:site_name\" content=\"Tabacco House\" \/>\n<meta property=\"og:image\" content=\"https:\/\/test125.tabacco.md\/wp-content\/uploads\/2020\/05\/3031a596b.jpg\" \/>\n\t<meta property=\"og:image:width\" content=\"670\" \/>\n\t<meta property=\"og:image:height\" content=\"600\" \/>\n\t<meta property=\"og:image:type\" content=\"image\/jpeg\" \/>\n<meta name=\"twitter:card\" content=\"summary_large_image\" \/>\n<meta name=\"twitter:label1\" content=\"Timp estimat pentru citire\" \/>\n\t<meta name=\"twitter:data1\" content=\"1 minut\" \/>\n<script type=\"application\/ld+json\" class=\"yoast-schema-graph\">{\"@context\":\"https:\/\/schema.org\",\"@graph\":[{\"@type\":\"WebPage\",\"@id\":\"https:\/\/test125.tabacco.md\/ro\/produs\/furtunuri-pentru-narghilea-din-silicon\/\",\"url\":\"https:\/\/test125.tabacco.md\/ro\/produs\/furtunuri-pentru-narghilea-din-silicon\/\",\"name\":\"Furtunuri pentru narghilea din silicon - Tabacco House\",\"isPartOf\":{\"@id\":\"https:\/\/test125.tabacco.md\/#website\"},\"datePublished\":\"2020-05-01T10:41:58+00:00\",\"dateModified\":\"2020-05-01T10:41:58+00:00\",\"breadcrumb\":{\"@id\":\"https:\/\/test125.tabacco.md\/ro\/produs\/furtunuri-pentru-narghilea-din-silicon\/#breadcrumb\"},\"inLanguage\":\"ro-RO\",\"potentialAction\":[{\"@type\":\"ReadAction\",\"target\":[\"https:\/\/test125.tabacco.md\/ro\/produs\/furtunuri-pentru-narghilea-din-silicon\/\"]}]},{\"@type\":\"BreadcrumbList\",\"@id\":\"https:\/\/test125.tabacco.md\/ro\/produs\/furtunuri-pentru-narghilea-din-silicon\/#breadcrumb\",\"itemListElement\":[{\"@type\":\"ListItem\",\"position\":1,\"name\":\"\u0413\u043b\u0430\u0432\u043d\u0430\u044f \u0441\u0442\u0440\u0430\u043d\u0438\u0446\u0430\",\"item\":\"https:\/\/test125.tabacco.md\/ro\/\"},{\"@type\":\"ListItem\",\"position\":2,\"name\":\"\u041a\u0430\u0442\u0430\u043b\u043e\u0433\",\"item\":\"https:\/\/test125.tabacco.md\/catalog\/\"},{\"@type\":\"ListItem\",\"position\":3,\"name\":\"Furtunuri pentru narghilea din silicon\"}]},{\"@type\":\"WebSite\",\"@id\":\"https:\/\/test125.tabacco.md\/#website\",\"url\":\"https:\/\/test125.tabacco.md\/\",\"name\":\"Tabacco House\",\"description\":\"\u041c\u0430\u0433\u0430\u0437\u0438\u043d \u0442\u0430\u0431\u0430\u0447\u043d\u044b\u0445 \u0438\u0437\u0434\u0435\u043b\u0438\u0439\",\"potentialAction\":[{\"@type\":\"SearchAction\",\"target\":{\"@type\":\"EntryPoint\",\"urlTemplate\":\"https:\/\/test125.tabacco.md\/?s={search_term_string}\"},\"query-input\":\"required name=search_term_string\"}],\"inLanguage\":\"ro-RO\"}]}<\/script>\n<!-- \/ Yoast SEO plugin. -->","yoast_head_json":{"title":"Furtunuri pentru narghilea din silicon - Tabacco House","robots":{"index":"noindex","follow":"follow","max-snippet":"max-snippet:-1","max-image-preview":"max-image-preview:large","max-video-preview":"max-video-preview:-1"},"og_locale":"ro_RO","og_type":"article","og_title":"Furtunuri pentru narghilea din silicon - Tabacco House","og_description":"Aspect estetic atractiv. Tuburile din silicon sunt acoperite \u00een 2 straturi: cel superior este transparent, cel inferior este nuan\u021bat. Acest [&hellip;]","og_url":"https:\/\/test125.tabacco.md\/ro\/produs\/furtunuri-pentru-narghilea-din-silicon\/","og_site_name":"Tabacco House","og_image":[{"width":670,"height":600,"url":"https:\/\/test125.tabacco.md\/wp-content\/uploads\/2020\/05\/3031a596b.jpg","type":"image\/jpeg"}],"twitter_card":"summary_large_image","twitter_misc":{"Timp estimat pentru citire":"1 minut"},"schema":{"@context":"https:\/\/schema.org","@graph":[{"@type":"WebPage","@id":"https:\/\/test125.tabacco.md\/ro\/produs\/furtunuri-pentru-narghilea-din-silicon\/","url":"https:\/\/test125.tabacco.md\/ro\/produs\/furtunuri-pentru-narghilea-din-silicon\/","name":"Furtunuri pentru narghilea din silicon - Tabacco House","isPartOf":{"@id":"https:\/\/test125.tabacco.md\/#website"},"datePublished":"2020-05-01T10:41:58+00:00","dateModified":"2020-05-01T10:41:58+00:00","breadcrumb":{"@id":"https:\/\/test125.tabacco.md\/ro\/produs\/furtunuri-pentru-narghilea-din-silicon\/#breadcrumb"},"inLanguage":"ro-RO","potentialAction":[{"@type":"ReadAction","target":["https:\/\/test125.tabacco.md\/ro\/produs\/furtunuri-pentru-narghilea-din-silicon\/"]}]},{"@type":"BreadcrumbList","@id":"https:\/\/test125.tabacco.md\/ro\/produs\/furtunuri-pentru-narghilea-din-silicon\/#breadcrumb","itemListElement":[{"@type":"ListItem","position":1,"name":"\u0413\u043b\u0430\u0432\u043d\u0430\u044f \u0441\u0442\u0440\u0430\u043d\u0438\u0446\u0430","item":"https:\/\/test125.tabacco.md\/ro\/"},{"@type":"ListItem","position":2,"name":"\u041a\u0430\u0442\u0430\u043b\u043e\u0433","item":"https:\/\/test125.tabacco.md\/catalog\/"},{"@type":"ListItem","position":3,"name":"Furtunuri pentru narghilea din silicon"}]},{"@type":"WebSite","@id":"https:\/\/test125.tabacco.md\/#website","url":"https:\/\/test125.tabacco.md\/","name":"Tabacco House","description":"\u041c\u0430\u0433\u0430\u0437\u0438\u043d \u0442\u0430\u0431\u0430\u0447\u043d\u044b\u0445 \u0438\u0437\u0434\u0435\u043b\u0438\u0439","potentialAction":[{"@type":"SearchAction","target":{"@type":"EntryPoint","urlTemplate":"https:\/\/test125.tabacco.md\/?s={search_term_string}"},"query-input":"required name=search_term_string"}],"inLanguage":"ro-RO"}]}},"_links":{"self":[{"href":"https:\/\/test125.tabacco.md\/ro\/wp-json\/wp\/v2\/product\/17564"}],"collection":[{"href":"https:\/\/test125.tabacco.md\/ro\/wp-json\/wp\/v2\/product"}],"about":[{"href":"https:\/\/test125.tabacco.md\/ro\/wp-json\/wp\/v2\/types\/product"}],"wp:featuredmedia":[{"embeddable":true,"href":"https:\/\/test125.tabacco.md\/ro\/wp-json\/wp\/v2\/media\/13469"}],"wp:attachment":[{"href":"https:\/\/test125.tabacco.md\/ro\/wp-json\/wp\/v2\/media?parent=17564"}],"wp:term":[{"taxonomy":"product_cat","embeddable":true,"href":"https:\/\/test125.tabacco.md\/ro\/wp-json\/wp\/v2\/product_cat?post=17564"},{"taxonomy":"product_tag","embeddable":true,"href":"https:\/\/test125.tabacco.md\/ro\/wp-json\/wp\/v2\/product_tag?post=17564"}],"curies":[{"name":"wp","href":"https:\/\/api.w.org\/{rel}","templated":true}]}}