{"id":18679,"date":"2020-05-12T16:25:55","date_gmt":"2020-05-12T13:25:55","guid":{"rendered":"https:\/\/new124.tabacco.md\/product\/zippo-gray-dusk-28378\/"},"modified":"2020-05-12T16:25:55","modified_gmt":"2020-05-12T13:25:55","slug":"zippo-gray-dusk-28378","status":"publish","type":"product","link":"https:\/\/test125.tabacco.md\/ro\/produs\/zippo-gray-dusk-28378\/","title":{"rendered":"ZIPPO Gray Dusk 28378"},"content":{"rendered":"<div>\u2022 Gray Dusk<\/div>\n<div>\u2022 Ambalate \u00eentr-o cutie creat din materiale ecologice<\/div>\n<div>\u2022 garantie pe viata<\/div>\n<div>\u2022 Se recomand\u0103 s\u0103 umple doar o Zippo combustibil de prim\u0103 clas\u0103<\/div>\n<div><\/div>\n<div>Pute\u021bi cump\u0103ra o brichet\u0103 ZIPPO Grey Dusk 28378 \u00een Moldova, Chi\u0219in\u0103u \u00een lan\u021bul de magazine Luxpresents.md<\/div>\n<div><\/div>\n","protected":false},"excerpt":{"rendered":"<p>\u2022 Gray Dusk \u2022 Ambalate \u00eentr-o cutie creat din materiale ecologice \u2022 garantie pe viata \u2022 Se recomand\u0103 s\u0103 umple [&hellip;]<\/p>\n","protected":false},"featured_media":14395,"template":"","meta":[],"product_cat":[175],"product_tag":[],"yoast_head":"<!-- This site is optimized with the Yoast SEO plugin v20.8 - https:\/\/yoast.com\/wordpress\/plugins\/seo\/ -->\n<title>ZIPPO Gray Dusk 28378 - Tabacco House<\/title>\n<meta name=\"robots\" content=\"noindex, follow, max-snippet:-1, max-image-preview:large, max-video-preview:-1\" \/>\n<meta property=\"og:locale\" content=\"ro_RO\" \/>\n<meta property=\"og:type\" content=\"article\" \/>\n<meta property=\"og:title\" content=\"ZIPPO Gray Dusk 28378 - Tabacco House\" \/>\n<meta property=\"og:description\" content=\"\u2022 Gray Dusk \u2022 Ambalate \u00eentr-o cutie creat din materiale ecologice \u2022 garantie pe viata \u2022 Se recomand\u0103 s\u0103 umple [&hellip;]\" \/>\n<meta property=\"og:url\" content=\"https:\/\/test125.tabacco.md\/ro\/produs\/zippo-gray-dusk-28378\/\" \/>\n<meta property=\"og:site_name\" content=\"Tabacco House\" \/>\n<meta property=\"og:image\" content=\"https:\/\/test125.tabacco.md\/wp-content\/uploads\/2020\/05\/bez-imeni-4-13.jpg\" \/>\n\t<meta property=\"og:image:width\" content=\"600\" \/>\n\t<meta property=\"og:image:height\" content=\"600\" \/>\n\t<meta property=\"og:image:type\" content=\"image\/jpeg\" \/>\n<meta name=\"twitter:card\" content=\"summary_large_image\" \/>\n<script type=\"application\/ld+json\" class=\"yoast-schema-graph\">{\"@context\":\"https:\/\/schema.org\",\"@graph\":[{\"@type\":\"WebPage\",\"@id\":\"https:\/\/test125.tabacco.md\/ro\/produs\/zippo-gray-dusk-28378\/\",\"url\":\"https:\/\/test125.tabacco.md\/ro\/produs\/zippo-gray-dusk-28378\/\",\"name\":\"ZIPPO Gray Dusk 28378 - Tabacco House\",\"isPartOf\":{\"@id\":\"https:\/\/test125.tabacco.md\/#website\"},\"datePublished\":\"2020-05-12T13:25:55+00:00\",\"dateModified\":\"2020-05-12T13:25:55+00:00\",\"breadcrumb\":{\"@id\":\"https:\/\/test125.tabacco.md\/ro\/produs\/zippo-gray-dusk-28378\/#breadcrumb\"},\"inLanguage\":\"ro-RO\",\"potentialAction\":[{\"@type\":\"ReadAction\",\"target\":[\"https:\/\/test125.tabacco.md\/ro\/produs\/zippo-gray-dusk-28378\/\"]}]},{\"@type\":\"BreadcrumbList\",\"@id\":\"https:\/\/test125.tabacco.md\/ro\/produs\/zippo-gray-dusk-28378\/#breadcrumb\",\"itemListElement\":[{\"@type\":\"ListItem\",\"position\":1,\"name\":\"\u0413\u043b\u0430\u0432\u043d\u0430\u044f \u0441\u0442\u0440\u0430\u043d\u0438\u0446\u0430\",\"item\":\"https:\/\/test125.tabacco.md\/ro\/\"},{\"@type\":\"ListItem\",\"position\":2,\"name\":\"\u041a\u0430\u0442\u0430\u043b\u043e\u0433\",\"item\":\"https:\/\/test125.tabacco.md\/catalog\/\"},{\"@type\":\"ListItem\",\"position\":3,\"name\":\"ZIPPO Gray Dusk 28378\"}]},{\"@type\":\"WebSite\",\"@id\":\"https:\/\/test125.tabacco.md\/#website\",\"url\":\"https:\/\/test125.tabacco.md\/\",\"name\":\"Tabacco House\",\"description\":\"\u041c\u0430\u0433\u0430\u0437\u0438\u043d \u0442\u0430\u0431\u0430\u0447\u043d\u044b\u0445 \u0438\u0437\u0434\u0435\u043b\u0438\u0439\",\"potentialAction\":[{\"@type\":\"SearchAction\",\"target\":{\"@type\":\"EntryPoint\",\"urlTemplate\":\"https:\/\/test125.tabacco.md\/?s={search_term_string}\"},\"query-input\":\"required name=search_term_string\"}],\"inLanguage\":\"ro-RO\"}]}<\/script>\n<!-- \/ Yoast SEO plugin. -->","yoast_head_json":{"title":"ZIPPO Gray Dusk 28378 - Tabacco House","robots":{"index":"noindex","follow":"follow","max-snippet":"max-snippet:-1","max-image-preview":"max-image-preview:large","max-video-preview":"max-video-preview:-1"},"og_locale":"ro_RO","og_type":"article","og_title":"ZIPPO Gray Dusk 28378 - Tabacco House","og_description":"\u2022 Gray Dusk \u2022 Ambalate \u00eentr-o cutie creat din materiale ecologice \u2022 garantie pe viata \u2022 Se recomand\u0103 s\u0103 umple [&hellip;]","og_url":"https:\/\/test125.tabacco.md\/ro\/produs\/zippo-gray-dusk-28378\/","og_site_name":"Tabacco House","og_image":[{"width":600,"height":600,"url":"https:\/\/test125.tabacco.md\/wp-content\/uploads\/2020\/05\/bez-imeni-4-13.jpg","type":"image\/jpeg"}],"twitter_card":"summary_large_image","schema":{"@context":"https:\/\/schema.org","@graph":[{"@type":"WebPage","@id":"https:\/\/test125.tabacco.md\/ro\/produs\/zippo-gray-dusk-28378\/","url":"https:\/\/test125.tabacco.md\/ro\/produs\/zippo-gray-dusk-28378\/","name":"ZIPPO Gray Dusk 28378 - Tabacco House","isPartOf":{"@id":"https:\/\/test125.tabacco.md\/#website"},"datePublished":"2020-05-12T13:25:55+00:00","dateModified":"2020-05-12T13:25:55+00:00","breadcrumb":{"@id":"https:\/\/test125.tabacco.md\/ro\/produs\/zippo-gray-dusk-28378\/#breadcrumb"},"inLanguage":"ro-RO","potentialAction":[{"@type":"ReadAction","target":["https:\/\/test125.tabacco.md\/ro\/produs\/zippo-gray-dusk-28378\/"]}]},{"@type":"BreadcrumbList","@id":"https:\/\/test125.tabacco.md\/ro\/produs\/zippo-gray-dusk-28378\/#breadcrumb","itemListElement":[{"@type":"ListItem","position":1,"name":"\u0413\u043b\u0430\u0432\u043d\u0430\u044f \u0441\u0442\u0440\u0430\u043d\u0438\u0446\u0430","item":"https:\/\/test125.tabacco.md\/ro\/"},{"@type":"ListItem","position":2,"name":"\u041a\u0430\u0442\u0430\u043b\u043e\u0433","item":"https:\/\/test125.tabacco.md\/catalog\/"},{"@type":"ListItem","position":3,"name":"ZIPPO Gray Dusk 28378"}]},{"@type":"WebSite","@id":"https:\/\/test125.tabacco.md\/#website","url":"https:\/\/test125.tabacco.md\/","name":"Tabacco House","description":"\u041c\u0430\u0433\u0430\u0437\u0438\u043d \u0442\u0430\u0431\u0430\u0447\u043d\u044b\u0445 \u0438\u0437\u0434\u0435\u043b\u0438\u0439","potentialAction":[{"@type":"SearchAction","target":{"@type":"EntryPoint","urlTemplate":"https:\/\/test125.tabacco.md\/?s={search_term_string}"},"query-input":"required name=search_term_string"}],"inLanguage":"ro-RO"}]}},"_links":{"self":[{"href":"https:\/\/test125.tabacco.md\/ro\/wp-json\/wp\/v2\/product\/18679"}],"collection":[{"href":"https:\/\/test125.tabacco.md\/ro\/wp-json\/wp\/v2\/product"}],"about":[{"href":"https:\/\/test125.tabacco.md\/ro\/wp-json\/wp\/v2\/types\/product"}],"wp:featuredmedia":[{"embeddable":true,"href":"https:\/\/test125.tabacco.md\/ro\/wp-json\/wp\/v2\/media\/14395"}],"wp:attachment":[{"href":"https:\/\/test125.tabacco.md\/ro\/wp-json\/wp\/v2\/media?parent=18679"}],"wp:term":[{"taxonomy":"product_cat","embeddable":true,"href":"https:\/\/test125.tabacco.md\/ro\/wp-json\/wp\/v2\/product_cat?post=18679"},{"taxonomy":"product_tag","embeddable":true,"href":"https:\/\/test125.tabacco.md\/ro\/wp-json\/wp\/v2\/product_tag?post=18679"}],"curies":[{"name":"wp","href":"https:\/\/api.w.org\/{rel}","templated":true}]}}