{"id":18818,"date":"2020-05-27T15:00:43","date_gmt":"2020-05-27T12:00:43","guid":{"rendered":"https:\/\/new124.tabacco.md\/product\/arzum-okka-negru-auriu-aparat-de-cafea-cafea-turceasca\/"},"modified":"2020-05-27T15:00:43","modified_gmt":"2020-05-27T12:00:43","slug":"arzum-okka-negru-auriu-aparat-de-cafea-cafea-turceasca","status":"publish","type":"product","link":"https:\/\/test125.tabacco.md\/ro\/produs\/arzum-okka-negru-auriu-aparat-de-cafea-cafea-turceasca\/","title":{"rendered":"Arzum Okka (Negru, Auriu) Aparat De Cafea. Cafea Turceasc\u0103"},"content":{"rendered":"<p>Pentru a automatiza procesul de luare a cafelei \u00een limba turc\u0103, \u00een 2014 Compania turc\u0103 Arzum a prezentat aparatul de cafea Arzum OCKA. Acest aparat de cafea este profesional \u0219i a primit recunoa\u0219terea la nivel mondial, deoarece este capabil de a recrea procesul de g\u0103tit pe nisip \u00een mod automat prin imit\u00e2nd temperatura de nisip fierbinte aproape de temperatura. Arzum OCCA a primit de asemenea faimosul premiu RedDot eward 2014 la concursul anual din lumea tehnologiei, care a avut loc \u00een Germania \u00een iunie 2014. La acest concurs, aparatul de cafea preparat 5000 portii de cafea f\u0103r\u0103 oprire, care sa dovedit profesionalismul. La acest forum Arzum OCCA a fost premiat pentru cel mai bun design, este garantat pentru a decora interiorul ambelor zone bar \u0219i buc\u0103t\u0103rie acas\u0103. Care sunt avantajele de aparat de cafea Arzum OCKA:<br \/>\nOKKA opereaz\u0103 \u00een dou\u0103 moduri:<br \/>\nMod expres-timp de preparare 45 secunde. Ideal de vanzare in lanturi de retail.<br \/>\nMod pe termen lung-timp de gatit 4 minute. \u00cen acest caz, temperatura preparatului de cafea de mai multe ori se ridic\u0103 la maxim. Perfect pentru restaurante \u0219i g\u0103titul acas\u0103.<br \/>\nPatentat &#8222;direct \u00een cea\u0219c\u0103&#8221;, func\u021bia de cafea este de neegalat \u00een lume.<br \/>\nCapacitatea de a face dou\u0103 por\u021bii de cafea, \u00een acela\u0219i timp, care va permite s\u0103 serveasc\u0103 clien\u021bii mai repede. Distribuie perfect cafeaua \u00een ambele cupe.<br \/>\nNu ocup\u0103 mult spa\u021biu, dimensiunile sale sunt 25cm, 20cm, 25cm.<br \/>\nEa are un rezervor de ap\u0103, care este u\u0219or de \u00eendep\u0103rtat, permi\u021b\u00e2ndu-v\u0103 s\u0103 colecteze rapid \u0219i convenabil de ap\u0103. Aparatul de cafea nu este capricios la calitatea apei.<br \/>\nAcesta preg\u0103te\u0219te cafeaua cu ap\u0103 rece, a\u0219a c\u0103 folose\u0219te electricitatea numai \u00een timpul prepararii (putere nominal\u0103 710W).<br \/>\nTemperatura b\u0103uturii finite este de 95 grade C, o cafea foarte fierbinte \u0219i puternic, cu un con\u021binut ridicat de cafein\u0103. Datorit\u0103 temperaturii ridicate de g\u0103tit, 5 grame de cafea m\u0103cinat\u0103 este suficient pentru a face o cafea puternic\u0103, respectiv, 200 portii pot fi f\u0103cute pe kilogram.<br \/>\nTehnologie Lift-to-Brew, care ofer\u0103 cafea turceasc\u0103 adev\u0103rat\u0103, cu un gust perfect.<br \/>\nReglare pe trei niveluri a aliment\u0103rii cu ap\u0103 per portie (50, 60, 70 ml).<br \/>\nPrezen\u021ba func\u021biei pentru sp\u0103larea automat\u0103 a ma\u0219inii de cafea la sf\u00e2r\u0219itul schimbului. Aparatul de cafea este programat \u00een a\u0219a fel \u00eenc\u00e2t, dac\u0103 este uitat s\u0103-l opri\u021bi, dup\u0103 trei ore de a\u0219teptare se va sp\u0103la automat \u00een sine \u0219i opri\u021bi-l automat.<br \/>\nControlul por\u021biunilor v\u00e2ndute. Acest aparat de cafea se conecteaz\u0103 la computer printr-un cablu USB cu un bloc suplimentar (aceast\u0103 unitate nu este inclus\u0103 \u00een setul de baz\u0103).<\/p>\n<p>Pute\u021bi cump\u0103ra\u00a0Arzum okka aparat de cafea \u00een Moldova, Chi\u0219in\u0103u \u00een lan\u021bul de magazine Luxpresents.md<\/p>\n<p>Arzum okka aparat de cafea poate fi comandat cu livrarea in Romania pe pagina noastra web: luxpresents.md sau tabacco.md<br \/>\nIn cazul orice intrebari,vom fi bucurosi sa ne contactati prin intermediul WhatsApp la +37361000935<\/p>\n","protected":false},"excerpt":{"rendered":"<p>Pentru a automatiza procesul de luare a cafelei \u00een limba turc\u0103, \u00een 2014 Compania turc\u0103 Arzum a prezentat aparatul de [&hellip;]<\/p>\n","protected":false},"featured_media":15028,"template":"","meta":[],"product_cat":[181],"product_tag":[],"yoast_head":"<!-- This site is optimized with the Yoast SEO plugin v20.8 - https:\/\/yoast.com\/wordpress\/plugins\/seo\/ -->\n<title>Arzum Okka (Negru, Auriu) Aparat De Cafea. Cafea Turceasc\u0103 - Tabacco House<\/title>\n<meta name=\"robots\" content=\"noindex, follow, max-snippet:-1, max-image-preview:large, max-video-preview:-1\" \/>\n<meta property=\"og:locale\" content=\"ro_RO\" \/>\n<meta property=\"og:type\" content=\"article\" \/>\n<meta property=\"og:title\" content=\"Arzum Okka (Negru, Auriu) Aparat De Cafea. Cafea Turceasc\u0103 - Tabacco House\" \/>\n<meta property=\"og:description\" content=\"Pentru a automatiza procesul de luare a cafelei \u00een limba turc\u0103, \u00een 2014 Compania turc\u0103 Arzum a prezentat aparatul de [&hellip;]\" \/>\n<meta property=\"og:url\" content=\"https:\/\/test125.tabacco.md\/ro\/produs\/arzum-okka-negru-auriu-aparat-de-cafea-cafea-turceasca\/\" \/>\n<meta property=\"og:site_name\" content=\"Tabacco House\" \/>\n<meta property=\"og:image\" content=\"https:\/\/test125.tabacco.md\/wp-content\/uploads\/2020\/05\/bez-imeni-111.jpg\" \/>\n\t<meta property=\"og:image:width\" content=\"600\" \/>\n\t<meta property=\"og:image:height\" content=\"600\" \/>\n\t<meta property=\"og:image:type\" content=\"image\/jpeg\" \/>\n<meta name=\"twitter:card\" content=\"summary_large_image\" \/>\n<meta name=\"twitter:label1\" content=\"Timp estimat pentru citire\" \/>\n\t<meta name=\"twitter:data1\" content=\"2 minute\" \/>\n<script type=\"application\/ld+json\" class=\"yoast-schema-graph\">{\"@context\":\"https:\/\/schema.org\",\"@graph\":[{\"@type\":\"WebPage\",\"@id\":\"https:\/\/test125.tabacco.md\/ro\/produs\/arzum-okka-negru-auriu-aparat-de-cafea-cafea-turceasca\/\",\"url\":\"https:\/\/test125.tabacco.md\/ro\/produs\/arzum-okka-negru-auriu-aparat-de-cafea-cafea-turceasca\/\",\"name\":\"Arzum Okka (Negru, Auriu) Aparat De Cafea. Cafea Turceasc\u0103 - Tabacco House\",\"isPartOf\":{\"@id\":\"https:\/\/test125.tabacco.md\/#website\"},\"datePublished\":\"2020-05-27T12:00:43+00:00\",\"dateModified\":\"2020-05-27T12:00:43+00:00\",\"breadcrumb\":{\"@id\":\"https:\/\/test125.tabacco.md\/ro\/produs\/arzum-okka-negru-auriu-aparat-de-cafea-cafea-turceasca\/#breadcrumb\"},\"inLanguage\":\"ro-RO\",\"potentialAction\":[{\"@type\":\"ReadAction\",\"target\":[\"https:\/\/test125.tabacco.md\/ro\/produs\/arzum-okka-negru-auriu-aparat-de-cafea-cafea-turceasca\/\"]}]},{\"@type\":\"BreadcrumbList\",\"@id\":\"https:\/\/test125.tabacco.md\/ro\/produs\/arzum-okka-negru-auriu-aparat-de-cafea-cafea-turceasca\/#breadcrumb\",\"itemListElement\":[{\"@type\":\"ListItem\",\"position\":1,\"name\":\"\u0413\u043b\u0430\u0432\u043d\u0430\u044f \u0441\u0442\u0440\u0430\u043d\u0438\u0446\u0430\",\"item\":\"https:\/\/test125.tabacco.md\/ro\/\"},{\"@type\":\"ListItem\",\"position\":2,\"name\":\"\u041a\u0430\u0442\u0430\u043b\u043e\u0433\",\"item\":\"https:\/\/test125.tabacco.md\/catalog\/\"},{\"@type\":\"ListItem\",\"position\":3,\"name\":\"Arzum Okka (Negru, Auriu) Aparat De Cafea. Cafea Turceasc\u0103\"}]},{\"@type\":\"WebSite\",\"@id\":\"https:\/\/test125.tabacco.md\/#website\",\"url\":\"https:\/\/test125.tabacco.md\/\",\"name\":\"Tabacco House\",\"description\":\"\u041c\u0430\u0433\u0430\u0437\u0438\u043d \u0442\u0430\u0431\u0430\u0447\u043d\u044b\u0445 \u0438\u0437\u0434\u0435\u043b\u0438\u0439\",\"potentialAction\":[{\"@type\":\"SearchAction\",\"target\":{\"@type\":\"EntryPoint\",\"urlTemplate\":\"https:\/\/test125.tabacco.md\/?s={search_term_string}\"},\"query-input\":\"required name=search_term_string\"}],\"inLanguage\":\"ro-RO\"}]}<\/script>\n<!-- \/ Yoast SEO plugin. -->","yoast_head_json":{"title":"Arzum Okka (Negru, Auriu) Aparat De Cafea. Cafea Turceasc\u0103 - Tabacco House","robots":{"index":"noindex","follow":"follow","max-snippet":"max-snippet:-1","max-image-preview":"max-image-preview:large","max-video-preview":"max-video-preview:-1"},"og_locale":"ro_RO","og_type":"article","og_title":"Arzum Okka (Negru, Auriu) Aparat De Cafea. Cafea Turceasc\u0103 - Tabacco House","og_description":"Pentru a automatiza procesul de luare a cafelei \u00een limba turc\u0103, \u00een 2014 Compania turc\u0103 Arzum a prezentat aparatul de [&hellip;]","og_url":"https:\/\/test125.tabacco.md\/ro\/produs\/arzum-okka-negru-auriu-aparat-de-cafea-cafea-turceasca\/","og_site_name":"Tabacco House","og_image":[{"width":600,"height":600,"url":"https:\/\/test125.tabacco.md\/wp-content\/uploads\/2020\/05\/bez-imeni-111.jpg","type":"image\/jpeg"}],"twitter_card":"summary_large_image","twitter_misc":{"Timp estimat pentru citire":"2 minute"},"schema":{"@context":"https:\/\/schema.org","@graph":[{"@type":"WebPage","@id":"https:\/\/test125.tabacco.md\/ro\/produs\/arzum-okka-negru-auriu-aparat-de-cafea-cafea-turceasca\/","url":"https:\/\/test125.tabacco.md\/ro\/produs\/arzum-okka-negru-auriu-aparat-de-cafea-cafea-turceasca\/","name":"Arzum Okka (Negru, Auriu) Aparat De Cafea. Cafea Turceasc\u0103 - Tabacco House","isPartOf":{"@id":"https:\/\/test125.tabacco.md\/#website"},"datePublished":"2020-05-27T12:00:43+00:00","dateModified":"2020-05-27T12:00:43+00:00","breadcrumb":{"@id":"https:\/\/test125.tabacco.md\/ro\/produs\/arzum-okka-negru-auriu-aparat-de-cafea-cafea-turceasca\/#breadcrumb"},"inLanguage":"ro-RO","potentialAction":[{"@type":"ReadAction","target":["https:\/\/test125.tabacco.md\/ro\/produs\/arzum-okka-negru-auriu-aparat-de-cafea-cafea-turceasca\/"]}]},{"@type":"BreadcrumbList","@id":"https:\/\/test125.tabacco.md\/ro\/produs\/arzum-okka-negru-auriu-aparat-de-cafea-cafea-turceasca\/#breadcrumb","itemListElement":[{"@type":"ListItem","position":1,"name":"\u0413\u043b\u0430\u0432\u043d\u0430\u044f \u0441\u0442\u0440\u0430\u043d\u0438\u0446\u0430","item":"https:\/\/test125.tabacco.md\/ro\/"},{"@type":"ListItem","position":2,"name":"\u041a\u0430\u0442\u0430\u043b\u043e\u0433","item":"https:\/\/test125.tabacco.md\/catalog\/"},{"@type":"ListItem","position":3,"name":"Arzum Okka (Negru, Auriu) Aparat De Cafea. Cafea Turceasc\u0103"}]},{"@type":"WebSite","@id":"https:\/\/test125.tabacco.md\/#website","url":"https:\/\/test125.tabacco.md\/","name":"Tabacco House","description":"\u041c\u0430\u0433\u0430\u0437\u0438\u043d \u0442\u0430\u0431\u0430\u0447\u043d\u044b\u0445 \u0438\u0437\u0434\u0435\u043b\u0438\u0439","potentialAction":[{"@type":"SearchAction","target":{"@type":"EntryPoint","urlTemplate":"https:\/\/test125.tabacco.md\/?s={search_term_string}"},"query-input":"required name=search_term_string"}],"inLanguage":"ro-RO"}]}},"_links":{"self":[{"href":"https:\/\/test125.tabacco.md\/ro\/wp-json\/wp\/v2\/product\/18818"}],"collection":[{"href":"https:\/\/test125.tabacco.md\/ro\/wp-json\/wp\/v2\/product"}],"about":[{"href":"https:\/\/test125.tabacco.md\/ro\/wp-json\/wp\/v2\/types\/product"}],"wp:featuredmedia":[{"embeddable":true,"href":"https:\/\/test125.tabacco.md\/ro\/wp-json\/wp\/v2\/media\/15028"}],"wp:attachment":[{"href":"https:\/\/test125.tabacco.md\/ro\/wp-json\/wp\/v2\/media?parent=18818"}],"wp:term":[{"taxonomy":"product_cat","embeddable":true,"href":"https:\/\/test125.tabacco.md\/ro\/wp-json\/wp\/v2\/product_cat?post=18818"},{"taxonomy":"product_tag","embeddable":true,"href":"https:\/\/test125.tabacco.md\/ro\/wp-json\/wp\/v2\/product_tag?post=18818"}],"curies":[{"name":"wp","href":"https:\/\/api.w.org\/{rel}","templated":true}]}}