{"id":19480,"date":"2022-05-02T14:06:54","date_gmt":"2022-05-02T11:06:54","guid":{"rendered":"https:\/\/new124.tabacco.md\/product\/trabucuri-hoyo-de-monterrey-epicure-%e2%84%961-tubos\/"},"modified":"2022-05-02T14:06:54","modified_gmt":"2022-05-02T11:06:54","slug":"trabucuri-hoyo-de-monterrey-epicure-%e2%84%961-tubos","status":"publish","type":"product","link":"https:\/\/test125.tabacco.md\/ro\/produs\/trabucuri-hoyo-de-monterrey-epicure-%e2%84%961-tubos\/","title":{"rendered":"Trabucuri Hoyo de Monterrey Epicure \u21161 Tubos"},"content":{"rendered":"<p>Dori\u021bi s\u0103 v\u0103 bucura\u021bi de adev\u0103ratele \u0219i rafinatele <a href=\"https:\/\/tabacco.md\/ro\/product-category\/sigary\/cigarscuba\/\">trabucuri cubaneze<\/a>? Acum, trabucurile Hoyo de Monterrey Epicure \u21161 Tubos sunt disponibile \u00een format tub! Acestea sunt ni\u0219te trabucuri rafinate, potrivite pentru orice gust. Aroma lor are note puternice de fructe, ceea ce le face neobi\u0219nuite pentru trabucurile Hoyo \u0219i asem\u0103n\u0103toare cu aromele Double Coronas. &#8222;Num\u0103rul unu&#8221; are o arom\u0103 lemnoas\u0103, asem\u0103n\u0103toare cu cea a trabucurilor Churchill, amestecat\u0103 cu subtile \u0219i complexe note ierboase. Gustul moale al tutunului, maturat timp de trei ani, are arome echilibrate. Aceste trabucuri produc un fum pl\u0103cut \u0219i sunt parteneri ideali pentru plimb\u0103rile dumneavoastr\u0103. Nu rata\u021bi ocazia de a v\u0103 bucura de adev\u0103ratele \u0219i rafinatele trabucuri cubaneze Hoyo de Monterrey Epicure \u21161 Tubos!<\/p>\n","protected":false},"excerpt":{"rendered":"<ul>\n<li>Pret pentru 1 buc, 3 buc la pachet<\/li>\n<li>\u021aara: Cuba<\/li>\n<li>Producator: H.Upmann<\/li>\n<li>Puterea: u\u0219oar\u0103<\/li>\n<li>Dimensiune: 143 mm x 18 mm<\/li>\n<li>Format: Corona Gorda<\/li>\n<\/ul>\n","protected":false},"featured_media":17380,"template":"","meta":[],"product_cat":[155],"product_tag":[],"yoast_head":"<!-- This site is optimized with the Yoast SEO plugin v20.8 - https:\/\/yoast.com\/wordpress\/plugins\/seo\/ -->\n<title>Trabucuri Hoyo de Monterrey Epicure \u21161 Tubos - Tabacco House<\/title>\n<meta name=\"robots\" content=\"noindex, follow, max-snippet:-1, max-image-preview:large, max-video-preview:-1\" \/>\n<meta property=\"og:locale\" content=\"ro_RO\" \/>\n<meta property=\"og:type\" content=\"article\" \/>\n<meta property=\"og:title\" content=\"Trabucuri Hoyo de Monterrey Epicure \u21161 Tubos - Tabacco House\" \/>\n<meta property=\"og:description\" content=\"Pret pentru 1 buc, 3 buc la pachet  \u021aara: Cuba  Producator: H.Upmann  Puterea: u\u0219oar\u0103  Dimensiune: 143 mm x 18 mm  Format: Corona Gorda\" \/>\n<meta property=\"og:url\" content=\"https:\/\/test125.tabacco.md\/ro\/produs\/trabucuri-hoyo-de-monterrey-epicure-\u21161-tubos\/\" \/>\n<meta property=\"og:site_name\" content=\"Tabacco House\" \/>\n<meta property=\"og:image\" content=\"https:\/\/test125.tabacco.md\/wp-content\/uploads\/2022\/05\/hoyo-de-monterrey-epicure-no.-1-tubos.jpg\" \/>\n\t<meta property=\"og:image:width\" content=\"1075\" \/>\n\t<meta property=\"og:image:height\" content=\"1075\" \/>\n\t<meta property=\"og:image:type\" content=\"image\/jpeg\" \/>\n<meta name=\"twitter:card\" content=\"summary_large_image\" \/>\n<meta name=\"twitter:label1\" content=\"Timp estimat pentru citire\" \/>\n\t<meta name=\"twitter:data1\" content=\"1 minut\" \/>\n<script type=\"application\/ld+json\" class=\"yoast-schema-graph\">{\"@context\":\"https:\/\/schema.org\",\"@graph\":[{\"@type\":\"WebPage\",\"@id\":\"https:\/\/test125.tabacco.md\/ro\/produs\/trabucuri-hoyo-de-monterrey-epicure-%e2%84%961-tubos\/\",\"url\":\"https:\/\/test125.tabacco.md\/ro\/produs\/trabucuri-hoyo-de-monterrey-epicure-%e2%84%961-tubos\/\",\"name\":\"Trabucuri Hoyo de Monterrey Epicure \u21161 Tubos - Tabacco House\",\"isPartOf\":{\"@id\":\"https:\/\/test125.tabacco.md\/#website\"},\"datePublished\":\"2022-05-02T11:06:54+00:00\",\"dateModified\":\"2022-05-02T11:06:54+00:00\",\"breadcrumb\":{\"@id\":\"https:\/\/test125.tabacco.md\/ro\/produs\/trabucuri-hoyo-de-monterrey-epicure-%e2%84%961-tubos\/#breadcrumb\"},\"inLanguage\":\"ro-RO\",\"potentialAction\":[{\"@type\":\"ReadAction\",\"target\":[\"https:\/\/test125.tabacco.md\/ro\/produs\/trabucuri-hoyo-de-monterrey-epicure-%e2%84%961-tubos\/\"]}]},{\"@type\":\"BreadcrumbList\",\"@id\":\"https:\/\/test125.tabacco.md\/ro\/produs\/trabucuri-hoyo-de-monterrey-epicure-%e2%84%961-tubos\/#breadcrumb\",\"itemListElement\":[{\"@type\":\"ListItem\",\"position\":1,\"name\":\"\u0413\u043b\u0430\u0432\u043d\u0430\u044f \u0441\u0442\u0440\u0430\u043d\u0438\u0446\u0430\",\"item\":\"https:\/\/test125.tabacco.md\/ro\/\"},{\"@type\":\"ListItem\",\"position\":2,\"name\":\"\u041a\u0430\u0442\u0430\u043b\u043e\u0433\",\"item\":\"https:\/\/test125.tabacco.md\/catalog\/\"},{\"@type\":\"ListItem\",\"position\":3,\"name\":\"Trabucuri Hoyo de Monterrey Epicure \u21161 Tubos\"}]},{\"@type\":\"WebSite\",\"@id\":\"https:\/\/test125.tabacco.md\/#website\",\"url\":\"https:\/\/test125.tabacco.md\/\",\"name\":\"Tabacco House\",\"description\":\"\u041c\u0430\u0433\u0430\u0437\u0438\u043d \u0442\u0430\u0431\u0430\u0447\u043d\u044b\u0445 \u0438\u0437\u0434\u0435\u043b\u0438\u0439\",\"potentialAction\":[{\"@type\":\"SearchAction\",\"target\":{\"@type\":\"EntryPoint\",\"urlTemplate\":\"https:\/\/test125.tabacco.md\/?s={search_term_string}\"},\"query-input\":\"required name=search_term_string\"}],\"inLanguage\":\"ro-RO\"}]}<\/script>\n<!-- \/ Yoast SEO plugin. -->","yoast_head_json":{"title":"Trabucuri Hoyo de Monterrey Epicure \u21161 Tubos - Tabacco House","robots":{"index":"noindex","follow":"follow","max-snippet":"max-snippet:-1","max-image-preview":"max-image-preview:large","max-video-preview":"max-video-preview:-1"},"og_locale":"ro_RO","og_type":"article","og_title":"Trabucuri Hoyo de Monterrey Epicure \u21161 Tubos - Tabacco House","og_description":"Pret pentru 1 buc, 3 buc la pachet  \u021aara: Cuba  Producator: H.Upmann  Puterea: u\u0219oar\u0103  Dimensiune: 143 mm x 18 mm  Format: Corona Gorda","og_url":"https:\/\/test125.tabacco.md\/ro\/produs\/trabucuri-hoyo-de-monterrey-epicure-\u21161-tubos\/","og_site_name":"Tabacco House","og_image":[{"width":1075,"height":1075,"url":"https:\/\/test125.tabacco.md\/wp-content\/uploads\/2022\/05\/hoyo-de-monterrey-epicure-no.-1-tubos.jpg","type":"image\/jpeg"}],"twitter_card":"summary_large_image","twitter_misc":{"Timp estimat pentru citire":"1 minut"},"schema":{"@context":"https:\/\/schema.org","@graph":[{"@type":"WebPage","@id":"https:\/\/test125.tabacco.md\/ro\/produs\/trabucuri-hoyo-de-monterrey-epicure-%e2%84%961-tubos\/","url":"https:\/\/test125.tabacco.md\/ro\/produs\/trabucuri-hoyo-de-monterrey-epicure-%e2%84%961-tubos\/","name":"Trabucuri Hoyo de Monterrey Epicure \u21161 Tubos - Tabacco House","isPartOf":{"@id":"https:\/\/test125.tabacco.md\/#website"},"datePublished":"2022-05-02T11:06:54+00:00","dateModified":"2022-05-02T11:06:54+00:00","breadcrumb":{"@id":"https:\/\/test125.tabacco.md\/ro\/produs\/trabucuri-hoyo-de-monterrey-epicure-%e2%84%961-tubos\/#breadcrumb"},"inLanguage":"ro-RO","potentialAction":[{"@type":"ReadAction","target":["https:\/\/test125.tabacco.md\/ro\/produs\/trabucuri-hoyo-de-monterrey-epicure-%e2%84%961-tubos\/"]}]},{"@type":"BreadcrumbList","@id":"https:\/\/test125.tabacco.md\/ro\/produs\/trabucuri-hoyo-de-monterrey-epicure-%e2%84%961-tubos\/#breadcrumb","itemListElement":[{"@type":"ListItem","position":1,"name":"\u0413\u043b\u0430\u0432\u043d\u0430\u044f \u0441\u0442\u0440\u0430\u043d\u0438\u0446\u0430","item":"https:\/\/test125.tabacco.md\/ro\/"},{"@type":"ListItem","position":2,"name":"\u041a\u0430\u0442\u0430\u043b\u043e\u0433","item":"https:\/\/test125.tabacco.md\/catalog\/"},{"@type":"ListItem","position":3,"name":"Trabucuri Hoyo de Monterrey Epicure \u21161 Tubos"}]},{"@type":"WebSite","@id":"https:\/\/test125.tabacco.md\/#website","url":"https:\/\/test125.tabacco.md\/","name":"Tabacco House","description":"\u041c\u0430\u0433\u0430\u0437\u0438\u043d \u0442\u0430\u0431\u0430\u0447\u043d\u044b\u0445 \u0438\u0437\u0434\u0435\u043b\u0438\u0439","potentialAction":[{"@type":"SearchAction","target":{"@type":"EntryPoint","urlTemplate":"https:\/\/test125.tabacco.md\/?s={search_term_string}"},"query-input":"required name=search_term_string"}],"inLanguage":"ro-RO"}]}},"_links":{"self":[{"href":"https:\/\/test125.tabacco.md\/ro\/wp-json\/wp\/v2\/product\/19480"}],"collection":[{"href":"https:\/\/test125.tabacco.md\/ro\/wp-json\/wp\/v2\/product"}],"about":[{"href":"https:\/\/test125.tabacco.md\/ro\/wp-json\/wp\/v2\/types\/product"}],"wp:featuredmedia":[{"embeddable":true,"href":"https:\/\/test125.tabacco.md\/ro\/wp-json\/wp\/v2\/media\/17380"}],"wp:attachment":[{"href":"https:\/\/test125.tabacco.md\/ro\/wp-json\/wp\/v2\/media?parent=19480"}],"wp:term":[{"taxonomy":"product_cat","embeddable":true,"href":"https:\/\/test125.tabacco.md\/ro\/wp-json\/wp\/v2\/product_cat?post=19480"},{"taxonomy":"product_tag","embeddable":true,"href":"https:\/\/test125.tabacco.md\/ro\/wp-json\/wp\/v2\/product_tag?post=19480"}],"curies":[{"name":"wp","href":"https:\/\/api.w.org\/{rel}","templated":true}]}}