{"id":19485,"date":"2022-05-02T14:46:31","date_gmt":"2022-05-02T11:46:31","guid":{"rendered":"https:\/\/new124.tabacco.md\/product\/trabucuri-macanudo-inspirado-white-robusto\/"},"modified":"2022-05-02T14:46:31","modified_gmt":"2022-05-02T11:46:31","slug":"trabucuri-macanudo-inspirado-white-robusto","status":"publish","type":"product","link":"https:\/\/test125.tabacco.md\/ro\/produs\/trabucuri-macanudo-inspirado-white-robusto\/","title":{"rendered":"Trabucuri Macanudo Inspirado White Robusto"},"content":{"rendered":"<div class=\"flex flex-grow flex-col gap-3\">\n<div class=\"min-h-[20px] flex flex-col items-start gap-4 whitespace-pre-wrap\">\n<div class=\"markdown prose w-full break-words dark:prose-invert light\">\n<p>Trabucurile Macanudo Inspirado White Robusto sunt ni\u0219te trabucuri incredibil de frumoase \u0219i gustoase, realizate din cele mai bune soiuri de tutun. Foaia de tutun eleganta din Connecticut Ecuador confer\u0103 trabucului un gust bogat \u0219i moale, iar substan\u021ba de leg\u0103tur\u0103 din Indonezia asigur\u0103 o armonie perfect\u0103 \u00eentre umplutura de tutun nicaraguan \u0219i mexican.<\/p>\n<p>C\u00e2nd aprinde\u021bi un Macanudo Inspirado White Robusto, v\u0103 pute\u021bi a\u0219tepta la un gust bogat \u0219i complex, cu note de piper, ierburi, lemn, nuci \u0219i cafea. Acest trabuc este potrivit pentru to\u021bi cei care apreciaz\u0103 calitatea excelent\u0103 \u0219i gustul bogat.<\/p>\n<p>Dac\u0103 v\u0103 place <a href=\"https:\/\/tabacco.md\/ro\/product-category\/sigary\/cigarscuba\/\">trabucurile cubaneze<\/a>, atunci Macanudo Inspirado White Robusto este o alegere excelent\u0103. Este creat\u0103 conform celor mai bune tradi\u021bii cubaneze, dar are un gust unic \u0219i inconfundabil care o diferen\u021biaz\u0103 de celelalte trabucuri. Asigura\u021bi-v\u0103 c\u0103 fiecare fum\u0103tur\u0103 v\u0103 va aduce pl\u0103cere \u0219i satisfac\u021bie.<\/p>\n<p>Nu rata\u021bi ocazia de a \u00eencerca unul dintre cele mai bune trabucuri &#8211; Macanudo Inspirado White Robusto. Va fi o completare excelent\u0103 la colec\u021bia dvs. \u0219i cu siguran\u021b\u0103 v\u0103 va bucura cu gustul \u0219i aroma sa magnific\u0103.<\/p>\n<\/div>\n<\/div>\n<\/div>\n","protected":false},"excerpt":{"rendered":"<ul>\n<li>Pret pentru 1 bucata, 15 bucati per pachet<\/li>\n<li>\u021aara: Cuba<\/li>\n<li>Producator: Jose L. Piedra<\/li>\n<li>Putere: Mediu-puternic<\/li>\n<li>Dimensiune: 105 mm x 43 mm<\/li>\n<li>Format: Petit Cazadores<\/li>\n<\/ul>\n","protected":false},"featured_media":17391,"template":"","meta":[],"product_cat":[155],"product_tag":[],"yoast_head":"<!-- This site is optimized with the Yoast SEO plugin v20.8 - https:\/\/yoast.com\/wordpress\/plugins\/seo\/ -->\n<title>Trabucuri Macanudo Inspirado White Robusto - Tabacco House<\/title>\n<meta name=\"robots\" content=\"noindex, follow, max-snippet:-1, max-image-preview:large, max-video-preview:-1\" \/>\n<meta property=\"og:locale\" content=\"ro_RO\" \/>\n<meta property=\"og:type\" content=\"article\" \/>\n<meta property=\"og:title\" content=\"Trabucuri Macanudo Inspirado White Robusto - Tabacco House\" \/>\n<meta property=\"og:description\" content=\"Pret pentru 1 bucata, 15 bucati per pachet  \u021aara: Cuba  Producator: Jose L. Piedra  Putere: Mediu-puternic  Dimensiune: 105 mm x 43 mm  Format: Petit Cazadores\" \/>\n<meta property=\"og:url\" content=\"https:\/\/test125.tabacco.md\/ro\/produs\/trabucuri-macanudo-inspirado-white-robusto\/\" \/>\n<meta property=\"og:site_name\" content=\"Tabacco House\" \/>\n<meta property=\"og:image\" content=\"https:\/\/test125.tabacco.md\/wp-content\/uploads\/2022\/05\/cho-macanudo-inspirado-white-robusto.jpg\" \/>\n\t<meta property=\"og:image:width\" content=\"600\" \/>\n\t<meta property=\"og:image:height\" content=\"840\" \/>\n\t<meta property=\"og:image:type\" content=\"image\/jpeg\" \/>\n<meta name=\"twitter:card\" content=\"summary_large_image\" \/>\n<meta name=\"twitter:label1\" content=\"Timp estimat pentru citire\" \/>\n\t<meta name=\"twitter:data1\" content=\"1 minut\" \/>\n<script type=\"application\/ld+json\" class=\"yoast-schema-graph\">{\"@context\":\"https:\/\/schema.org\",\"@graph\":[{\"@type\":\"WebPage\",\"@id\":\"https:\/\/test125.tabacco.md\/ro\/produs\/trabucuri-macanudo-inspirado-white-robusto\/\",\"url\":\"https:\/\/test125.tabacco.md\/ro\/produs\/trabucuri-macanudo-inspirado-white-robusto\/\",\"name\":\"Trabucuri Macanudo Inspirado White Robusto - Tabacco House\",\"isPartOf\":{\"@id\":\"https:\/\/test125.tabacco.md\/#website\"},\"datePublished\":\"2022-05-02T11:46:31+00:00\",\"dateModified\":\"2022-05-02T11:46:31+00:00\",\"breadcrumb\":{\"@id\":\"https:\/\/test125.tabacco.md\/ro\/produs\/trabucuri-macanudo-inspirado-white-robusto\/#breadcrumb\"},\"inLanguage\":\"ro-RO\",\"potentialAction\":[{\"@type\":\"ReadAction\",\"target\":[\"https:\/\/test125.tabacco.md\/ro\/produs\/trabucuri-macanudo-inspirado-white-robusto\/\"]}]},{\"@type\":\"BreadcrumbList\",\"@id\":\"https:\/\/test125.tabacco.md\/ro\/produs\/trabucuri-macanudo-inspirado-white-robusto\/#breadcrumb\",\"itemListElement\":[{\"@type\":\"ListItem\",\"position\":1,\"name\":\"\u0413\u043b\u0430\u0432\u043d\u0430\u044f \u0441\u0442\u0440\u0430\u043d\u0438\u0446\u0430\",\"item\":\"https:\/\/test125.tabacco.md\/ro\/\"},{\"@type\":\"ListItem\",\"position\":2,\"name\":\"\u041a\u0430\u0442\u0430\u043b\u043e\u0433\",\"item\":\"https:\/\/test125.tabacco.md\/catalog\/\"},{\"@type\":\"ListItem\",\"position\":3,\"name\":\"Trabucuri Macanudo Inspirado White Robusto\"}]},{\"@type\":\"WebSite\",\"@id\":\"https:\/\/test125.tabacco.md\/#website\",\"url\":\"https:\/\/test125.tabacco.md\/\",\"name\":\"Tabacco House\",\"description\":\"\u041c\u0430\u0433\u0430\u0437\u0438\u043d \u0442\u0430\u0431\u0430\u0447\u043d\u044b\u0445 \u0438\u0437\u0434\u0435\u043b\u0438\u0439\",\"potentialAction\":[{\"@type\":\"SearchAction\",\"target\":{\"@type\":\"EntryPoint\",\"urlTemplate\":\"https:\/\/test125.tabacco.md\/?s={search_term_string}\"},\"query-input\":\"required name=search_term_string\"}],\"inLanguage\":\"ro-RO\"}]}<\/script>\n<!-- \/ Yoast SEO plugin. -->","yoast_head_json":{"title":"Trabucuri Macanudo Inspirado White Robusto - Tabacco House","robots":{"index":"noindex","follow":"follow","max-snippet":"max-snippet:-1","max-image-preview":"max-image-preview:large","max-video-preview":"max-video-preview:-1"},"og_locale":"ro_RO","og_type":"article","og_title":"Trabucuri Macanudo Inspirado White Robusto - Tabacco House","og_description":"Pret pentru 1 bucata, 15 bucati per pachet  \u021aara: Cuba  Producator: Jose L. Piedra  Putere: Mediu-puternic  Dimensiune: 105 mm x 43 mm  Format: Petit Cazadores","og_url":"https:\/\/test125.tabacco.md\/ro\/produs\/trabucuri-macanudo-inspirado-white-robusto\/","og_site_name":"Tabacco House","og_image":[{"width":600,"height":840,"url":"https:\/\/test125.tabacco.md\/wp-content\/uploads\/2022\/05\/cho-macanudo-inspirado-white-robusto.jpg","type":"image\/jpeg"}],"twitter_card":"summary_large_image","twitter_misc":{"Timp estimat pentru citire":"1 minut"},"schema":{"@context":"https:\/\/schema.org","@graph":[{"@type":"WebPage","@id":"https:\/\/test125.tabacco.md\/ro\/produs\/trabucuri-macanudo-inspirado-white-robusto\/","url":"https:\/\/test125.tabacco.md\/ro\/produs\/trabucuri-macanudo-inspirado-white-robusto\/","name":"Trabucuri Macanudo Inspirado White Robusto - Tabacco House","isPartOf":{"@id":"https:\/\/test125.tabacco.md\/#website"},"datePublished":"2022-05-02T11:46:31+00:00","dateModified":"2022-05-02T11:46:31+00:00","breadcrumb":{"@id":"https:\/\/test125.tabacco.md\/ro\/produs\/trabucuri-macanudo-inspirado-white-robusto\/#breadcrumb"},"inLanguage":"ro-RO","potentialAction":[{"@type":"ReadAction","target":["https:\/\/test125.tabacco.md\/ro\/produs\/trabucuri-macanudo-inspirado-white-robusto\/"]}]},{"@type":"BreadcrumbList","@id":"https:\/\/test125.tabacco.md\/ro\/produs\/trabucuri-macanudo-inspirado-white-robusto\/#breadcrumb","itemListElement":[{"@type":"ListItem","position":1,"name":"\u0413\u043b\u0430\u0432\u043d\u0430\u044f \u0441\u0442\u0440\u0430\u043d\u0438\u0446\u0430","item":"https:\/\/test125.tabacco.md\/ro\/"},{"@type":"ListItem","position":2,"name":"\u041a\u0430\u0442\u0430\u043b\u043e\u0433","item":"https:\/\/test125.tabacco.md\/catalog\/"},{"@type":"ListItem","position":3,"name":"Trabucuri Macanudo Inspirado White Robusto"}]},{"@type":"WebSite","@id":"https:\/\/test125.tabacco.md\/#website","url":"https:\/\/test125.tabacco.md\/","name":"Tabacco House","description":"\u041c\u0430\u0433\u0430\u0437\u0438\u043d \u0442\u0430\u0431\u0430\u0447\u043d\u044b\u0445 \u0438\u0437\u0434\u0435\u043b\u0438\u0439","potentialAction":[{"@type":"SearchAction","target":{"@type":"EntryPoint","urlTemplate":"https:\/\/test125.tabacco.md\/?s={search_term_string}"},"query-input":"required name=search_term_string"}],"inLanguage":"ro-RO"}]}},"_links":{"self":[{"href":"https:\/\/test125.tabacco.md\/ro\/wp-json\/wp\/v2\/product\/19485"}],"collection":[{"href":"https:\/\/test125.tabacco.md\/ro\/wp-json\/wp\/v2\/product"}],"about":[{"href":"https:\/\/test125.tabacco.md\/ro\/wp-json\/wp\/v2\/types\/product"}],"wp:featuredmedia":[{"embeddable":true,"href":"https:\/\/test125.tabacco.md\/ro\/wp-json\/wp\/v2\/media\/17391"}],"wp:attachment":[{"href":"https:\/\/test125.tabacco.md\/ro\/wp-json\/wp\/v2\/media?parent=19485"}],"wp:term":[{"taxonomy":"product_cat","embeddable":true,"href":"https:\/\/test125.tabacco.md\/ro\/wp-json\/wp\/v2\/product_cat?post=19485"},{"taxonomy":"product_tag","embeddable":true,"href":"https:\/\/test125.tabacco.md\/ro\/wp-json\/wp\/v2\/product_tag?post=19485"}],"curies":[{"name":"wp","href":"https:\/\/api.w.org\/{rel}","templated":true}]}}